{"id":75258,"date":"2024-08-20T21:34:48","date_gmt":"2024-08-21T02:34:48","guid":{"rendered":"https:\/\/catchthefever-dev1.cospark.io\/faq\/"},"modified":"2025-09-17T12:29:30","modified_gmt":"2025-09-17T17:29:30","slug":"faq","status":"publish","type":"page","link":"https:\/\/catchthefever-dev1.cospark.io\/pt-br\/faq\/","title":{"rendered":"FAQ"},"content":{"rendered":"\t\t<div data-elementor-type=\"wp-page\" data-elementor-id=\"75258\" class=\"elementor elementor-75258 elementor-3036\" data-elementor-post-type=\"page\">\n\t\t\t\t\t\t<section class=\"elementor-section elementor-top-section elementor-element elementor-element-d13fbcd elementor-section-boxed elementor-section-height-default elementor-section-height-default elementor-invisible\" data-id=\"d13fbcd\" data-element_type=\"section\" data-settings=\"{&quot;background_background&quot;:&quot;classic&quot;,&quot;animation&quot;:&quot;fadeIn&quot;}\">\n\t\t\t\t\t\t<div class=\"elementor-container elementor-column-gap-no\">\n\t\t\t\t\t<div class=\"elementor-column elementor-col-100 elementor-top-column elementor-element elementor-element-691355f\" data-id=\"691355f\" data-element_type=\"column\">\n\t\t\t<div class=\"elementor-widget-wrap elementor-element-populated\">\n\t\t\t\t\t\t<div class=\"elementor-element elementor-element-5ecd315 elementor-widget elementor-widget-spacer\" data-id=\"5ecd315\" data-element_type=\"widget\" data-widget_type=\"spacer.default\">\n\t\t\t\t<div class=\"elementor-widget-container\">\n\t\t\t\t\t\t\t<div class=\"elementor-spacer\">\n\t\t\t<div class=\"elementor-spacer-inner\"><\/div>\n\t\t<\/div>\n\t\t\t\t\t\t<\/div>\n\t\t\t\t<\/div>\n\t\t\t\t\t<\/div>\n\t\t<\/div>\n\t\t\t\t\t<\/div>\n\t\t<\/section>\n\t\t\t\t<section class=\"elementor-section elementor-top-section elementor-element elementor-element-481a78a elementor-section-boxed elementor-section-height-default elementor-section-height-default elementor-invisible\" data-id=\"481a78a\" data-element_type=\"section\" data-settings=\"{&quot;animation&quot;:&quot;fadeIn&quot;}\">\n\t\t\t\t\t\t<div class=\"elementor-container elementor-column-gap-no\">\n\t\t\t\t\t<div class=\"elementor-column elementor-col-50 elementor-top-column elementor-element elementor-element-2a00ff8 elementor-invisible\" data-id=\"2a00ff8\" data-element_type=\"column\" data-settings=\"{&quot;animation&quot;:&quot;fadeInLeft&quot;}\">\n\t\t\t<div class=\"elementor-widget-wrap elementor-element-populated\">\n\t\t\t\t\t\t<div class=\"elementor-element elementor-element-a8dd187 elementor-widget elementor-widget-heading\" data-id=\"a8dd187\" data-element_type=\"widget\" data-widget_type=\"heading.default\">\n\t\t\t\t<div class=\"elementor-widget-container\">\n\t\t\t\t\t<h2 class=\"elementor-heading-title elementor-size-default\">FAQ - perguntas frequentes<\/h2>\t\t\t\t<\/div>\n\t\t\t\t<\/div>\n\t\t\t\t<div class=\"elementor-element elementor-element-ed2382c elementor-widget elementor-widget-text-editor\" data-id=\"ed2382c\" data-element_type=\"widget\" data-widget_type=\"text-editor.default\">\n\t\t\t\t<div class=\"elementor-widget-container\">\n\t\t\t\t\t\t\t\t\t<h2 class=\"mb-3\">Perguntas frequentes<\/h2><p><strong>Quais m\u00e9todos de pagamento s\u00e3o aceitos na Loja Virtual?<\/strong><\/p><div class=\"accordion\"><div class=\"accordion-item\"><div class=\"accordion-inner\"><p>Aceitamos todos os principais cart\u00f5es de cr\u00e9dito e PayPal.<\/p><\/div><\/div><div class=\"accordion-item\"><strong>Quanto tempo levar\u00e1 a entrega?<\/strong><div class=\"accordion-inner\"><p>Todos os envios s\u00e3o despachados dentro de 1 a 3 dias \u00fateis. A entrega pode ser esperada de 2 a 7 dias \u00fateis ap\u00f3s o seu pedido. No entanto, devido a atrasos da transportadora, este prazo pode ser mais longo.  <\/p><p><strong>Qu\u00e3o seguro \u00e9 comprar na Loja Virtual? Meus dados est\u00e3o protegidos? <\/strong><\/p><p>Nosso site \u00e9 protegido com um certificado SSL que garante uma comunica\u00e7\u00e3o segura com nosso website.<br>Atendemos a todas as regulamenta\u00e7\u00f5es de conformidade PCI para cart\u00f5es de cr\u00e9dito.<\/p><\/div><\/div><div class=\"accordion-item\"><strong>Voc\u00eas realizam envios internacionais?<\/strong><div class=\"accordion-inner\"><p>Infelizmente, n\u00e3o estamos realizando envios para fora dos Estados Unidos neste momento.<\/p><\/div><\/div><div class=\"accordion-item\"><strong>O que exatamente acontece ap\u00f3s o pedido?<\/strong><div class=\"accordion-inner\"><p>Seu pedido \u00e9 processado e enviado normalmente no pr\u00f3ximo dia \u00fatil.<\/p><\/div><\/div><div class=\"accordion-item\"><strong>Por que o envio da vara custa $30?<\/strong><div class=\"accordion-inner\"><p>Nossas varas n\u00e3o s\u00e3o dobr\u00e1veis e devem ser enviadas em um tubo de 92 polegadas. Podemos acomodar at\u00e9 10 varas dentro de cada tubo. <\/p><p><strong>Eu recebo uma nota fiscal para o meu pedido?<\/strong><\/p><\/div><\/div><div class=\"accordion-item\"><div class=\"accordion-inner\"><p>Sim. Voc\u00ea deve receber um e-mail ap\u00f3s realizar seu pedido. A partir dele, voc\u00ea poder\u00e1 visualizar sua nota fiscal.  <\/p><\/div><\/div><\/div>\t\t\t\t\t\t\t\t<\/div>\n\t\t\t\t<\/div>\n\t\t\t\t<div class=\"elementor-element elementor-element-4976c51 elementor-widget elementor-widget-text-editor\" data-id=\"4976c51\" data-element_type=\"widget\" data-widget_type=\"text-editor.default\">\n\t\t\t\t<div class=\"elementor-widget-container\">\n\t\t\t\t\t\t\t\t\t<p>D\u00favidas? Considerando que \u00e9 altamente improv\u00e1vel que tenhamos pensado em tudo, sua(s) pergunta(s) \u00e9\/s\u00e3o v\u00e1lida(s) e estamos prontos para respond\u00ea-la(s). Entre em contato conosco por telefone ou visite nossa p\u00e1gina de contato.   <\/p>\t\t\t\t\t\t\t\t<\/div>\n\t\t\t\t<\/div>\n\t\t\t\t\t<\/div>\n\t\t<\/div>\n\t\t\t\t<div class=\"elementor-column elementor-col-50 elementor-top-column elementor-element elementor-element-5474d30\" data-id=\"5474d30\" data-element_type=\"column\">\n\t\t\t<div class=\"elementor-widget-wrap elementor-element-populated\">\n\t\t\t\t\t\t<div class=\"elementor-element elementor-element-2f30537 elementor-position-left elementor-vertical-align-top elementor-invisible elementor-widget elementor-widget-image-box\" data-id=\"2f30537\" data-element_type=\"widget\" data-settings=\"{&quot;_animation&quot;:&quot;fadeInRight&quot;,&quot;_animation_delay&quot;:400}\" data-widget_type=\"image-box.default\">\n\t\t\t\t<div class=\"elementor-widget-container\">\n\t\t\t\t\t<div class=\"elementor-image-box-wrapper\"><figure class=\"elementor-image-box-img\"><img decoding=\"async\" width=\"46\" height=\"46\" src=\"https:\/\/catchthefever-dev1.cospark.io\/wp-content\/uploads\/2021\/08\/Icon-2.png\" class=\"attachment-full size-full wp-image-49\" alt=\"\" title=\"Icon (2) - Catch the Fever Outdoors\" srcset=\"https:\/\/catchthefever-dev1.cospark.io\/wp-content\/uploads\/2021\/08\/Icon-2.png 46w, https:\/\/catchthefever-dev1.cospark.io\/wp-content\/uploads\/2021\/08\/Icon-2-1x1.webp 1w, https:\/\/catchthefever-dev1.cospark.io\/wp-content\/uploads\/2021\/08\/Icon-2-10x10.webp 10w\" sizes=\"(max-width: 46px) 100vw, 46px\" \/><\/figure><div class=\"elementor-image-box-content\"><h3 class=\"elementor-image-box-title\">FAQ para atacado<\/h3><p class=\"elementor-image-box-description\">Se voc\u00ea \u00e9 uma conta de atacado, seu FAQ est\u00e1 aguardando aqui. <\/p><\/div><\/div>\t\t\t\t<\/div>\n\t\t\t\t<\/div>\n\t\t\t\t<div class=\"elementor-element elementor-element-f63d241 elementor-position-left elementor-vertical-align-top elementor-invisible elementor-widget elementor-widget-image-box\" data-id=\"f63d241\" data-element_type=\"widget\" data-settings=\"{&quot;_animation&quot;:&quot;fadeInRight&quot;,&quot;_animation_delay&quot;:600}\" data-widget_type=\"image-box.default\">\n\t\t\t\t<div class=\"elementor-widget-container\">\n\t\t\t\t\t<div class=\"elementor-image-box-wrapper\"><figure class=\"elementor-image-box-img\"><img decoding=\"async\" width=\"47\" height=\"47\" src=\"https:\/\/catchthefever-dev1.cospark.io\/wp-content\/uploads\/2021\/08\/Vector.webp\" class=\"attachment-full size-full wp-image-56\" alt=\"\" title=\"Vector - Catch the Fever Outdoors\" srcset=\"https:\/\/catchthefever-dev1.cospark.io\/wp-content\/uploads\/2021\/08\/Vector.webp 47w, https:\/\/catchthefever-dev1.cospark.io\/wp-content\/uploads\/2021\/08\/Vector-1x1.webp 1w, https:\/\/catchthefever-dev1.cospark.io\/wp-content\/uploads\/2021\/08\/Vector-10x10.webp 10w\" sizes=\"(max-width: 47px) 100vw, 47px\" \/><\/figure><div class=\"elementor-image-box-content\"><h3 class=\"elementor-image-box-title\">FAQ para afiliados<\/h3><p class=\"elementor-image-box-description\">Afiliados e parceiros, seu FAQ est\u00e1 aguardando aqui. <\/p><\/div><\/div>\t\t\t\t<\/div>\n\t\t\t\t<\/div>\n\t\t\t\t<div class=\"elementor-element elementor-element-07bca25 elementor-position-left elementor-vertical-align-top elementor-invisible elementor-widget elementor-widget-image-box\" data-id=\"07bca25\" data-element_type=\"widget\" data-settings=\"{&quot;_animation&quot;:&quot;fadeInRight&quot;,&quot;_animation_delay&quot;:600}\" data-widget_type=\"image-box.default\">\n\t\t\t\t<div class=\"elementor-widget-container\">\n\t\t\t\t\t<div class=\"elementor-image-box-wrapper\"><figure class=\"elementor-image-box-img\"><img decoding=\"async\" width=\"47\" height=\"47\" src=\"https:\/\/catchthefever-dev1.cospark.io\/wp-content\/uploads\/2021\/08\/Vector.webp\" class=\"attachment-full size-full wp-image-56\" alt=\"\" title=\"Vector - Catch the Fever Outdoors\" srcset=\"https:\/\/catchthefever-dev1.cospark.io\/wp-content\/uploads\/2021\/08\/Vector.webp 47w, https:\/\/catchthefever-dev1.cospark.io\/wp-content\/uploads\/2021\/08\/Vector-1x1.webp 1w, https:\/\/catchthefever-dev1.cospark.io\/wp-content\/uploads\/2021\/08\/Vector-10x10.webp 10w\" sizes=\"(max-width: 47px) 100vw, 47px\" \/><\/figure><div class=\"elementor-image-box-content\"><h3 class=\"elementor-image-box-title\">ENTRE EM CONTATO CONOSCO<\/h3><p class=\"elementor-image-box-description\">Se voc\u00ea n\u00e3o conseguir encontrar ajuda aqui, n\u00e3o h\u00e1 problema - entre em contato conosco agora. <\/p><\/div><\/div>\t\t\t\t<\/div>\n\t\t\t\t<\/div>\n\t\t\t\t\t<\/div>\n\t\t<\/div>\n\t\t\t\t\t<\/div>\n\t\t<\/section>\n\t\t\t\t<\/div>\n\t\t","protected":false},"excerpt":{"rendered":"<p>O programa Catch The Fever recompensa a sua lealdade, a sua paix\u00e3o e as suas habilidades. Descubra como desbloquear at\u00e9 $25.000 em pr\u00eamios pescando com as nossas varas e\/ou vestindo os nossos artigos de vestu\u00e1rio.  <\/p>\n","protected":false},"author":2,"featured_media":0,"parent":0,"menu_order":0,"comment_status":"closed","ping_status":"closed","template":"","meta":{"footnotes":""},"class_list":["post-75258","page","type-page","status-publish","hentry"],"aioseo_notices":[],"jetpack_sharing_enabled":true,"_links":{"self":[{"href":"https:\/\/catchthefever-dev1.cospark.io\/pt-br\/wp-json\/wp\/v2\/pages\/75258","targetHints":{"allow":["GET"]}}],"collection":[{"href":"https:\/\/catchthefever-dev1.cospark.io\/pt-br\/wp-json\/wp\/v2\/pages"}],"about":[{"href":"https:\/\/catchthefever-dev1.cospark.io\/pt-br\/wp-json\/wp\/v2\/types\/page"}],"author":[{"embeddable":true,"href":"https:\/\/catchthefever-dev1.cospark.io\/pt-br\/wp-json\/wp\/v2\/users\/2"}],"replies":[{"embeddable":true,"href":"https:\/\/catchthefever-dev1.cospark.io\/pt-br\/wp-json\/wp\/v2\/comments?post=75258"}],"version-history":[{"count":0,"href":"https:\/\/catchthefever-dev1.cospark.io\/pt-br\/wp-json\/wp\/v2\/pages\/75258\/revisions"}],"wp:attachment":[{"href":"https:\/\/catchthefever-dev1.cospark.io\/pt-br\/wp-json\/wp\/v2\/media?parent=75258"}],"curies":[{"name":"wp","href":"https:\/\/api.w.org\/{rel}","templated":true}]}}