{"id":74936,"date":"2024-08-20T21:35:57","date_gmt":"2024-08-21T02:35:57","guid":{"rendered":"https:\/\/catchthefever-dev1.cospark.io\/politique-de-confidentialite\/"},"modified":"2025-09-17T12:29:26","modified_gmt":"2025-09-17T17:29:26","slug":"politique-de-confidentialite","status":"publish","type":"page","link":"https:\/\/catchthefever-dev1.cospark.io\/fr\/politique-de-confidentialite\/","title":{"rendered":"Politique de confidentialit\u00e9"},"content":{"rendered":"\t\t<div data-elementor-type=\"wp-page\" data-elementor-id=\"74936\" class=\"elementor elementor-74936 elementor-3038\" data-elementor-post-type=\"page\">\n\t\t\t\t\t\t<section class=\"elementor-section elementor-top-section elementor-element elementor-element-d13fbcd elementor-section-boxed elementor-section-height-default elementor-section-height-default elementor-invisible\" data-id=\"d13fbcd\" data-element_type=\"section\" data-settings=\"{&quot;background_background&quot;:&quot;classic&quot;,&quot;animation&quot;:&quot;fadeIn&quot;}\">\n\t\t\t\t\t\t<div class=\"elementor-container elementor-column-gap-no\">\n\t\t\t\t\t<div class=\"elementor-column elementor-col-100 elementor-top-column elementor-element elementor-element-691355f\" data-id=\"691355f\" data-element_type=\"column\">\n\t\t\t<div class=\"elementor-widget-wrap elementor-element-populated\">\n\t\t\t\t\t\t<div class=\"elementor-element elementor-element-5ecd315 elementor-widget elementor-widget-spacer\" data-id=\"5ecd315\" data-element_type=\"widget\" data-widget_type=\"spacer.default\">\n\t\t\t\t<div class=\"elementor-widget-container\">\n\t\t\t\t\t\t\t<div class=\"elementor-spacer\">\n\t\t\t<div class=\"elementor-spacer-inner\"><\/div>\n\t\t<\/div>\n\t\t\t\t\t\t<\/div>\n\t\t\t\t<\/div>\n\t\t\t\t\t<\/div>\n\t\t<\/div>\n\t\t\t\t\t<\/div>\n\t\t<\/section>\n\t\t\t\t<section class=\"elementor-section elementor-top-section elementor-element elementor-element-481a78a elementor-section-boxed elementor-section-height-default elementor-section-height-default elementor-invisible\" data-id=\"481a78a\" data-element_type=\"section\" data-settings=\"{&quot;animation&quot;:&quot;fadeIn&quot;}\">\n\t\t\t\t\t\t<div class=\"elementor-container elementor-column-gap-no\">\n\t\t\t\t\t<div class=\"elementor-column elementor-col-50 elementor-top-column elementor-element elementor-element-2a00ff8 elementor-invisible\" data-id=\"2a00ff8\" data-element_type=\"column\" data-settings=\"{&quot;animation&quot;:&quot;fadeInLeft&quot;}\">\n\t\t\t<div class=\"elementor-widget-wrap elementor-element-populated\">\n\t\t\t\t\t\t<div class=\"elementor-element elementor-element-a8dd187 elementor-widget elementor-widget-heading\" data-id=\"a8dd187\" data-element_type=\"widget\" data-widget_type=\"heading.default\">\n\t\t\t\t<div class=\"elementor-widget-container\">\n\t\t\t\t\t<h2 class=\"elementor-heading-title elementor-size-default\">Politique de confidentialit\u00e9<\/h2>\t\t\t\t<\/div>\n\t\t\t\t<\/div>\n\t\t\t\t<div class=\"elementor-element elementor-element-ed2382c elementor-widget elementor-widget-text-editor\" data-id=\"ed2382c\" data-element_type=\"widget\" data-widget_type=\"text-editor.default\">\n\t\t\t\t<div class=\"elementor-widget-container\">\n\t\t\t\t\t\t\t\t\t<p>CatchTheFever.com respecte les informations de compte de ses clients en tant qu&rsquo;informations priv\u00e9es et confidentielles et ne les partagera jamais avec des afflictions ou des individus ext\u00e9rieurs. En soumettant votre email \u00e0 notre site web, vous acceptez de recevoir automatiquement des emails promotionnels qui peuvent cependant \u00eatre d\u00e9sabonn\u00e9s en suivant le lien contenu dans l&#8217;email. <\/p><p><b>Num\u00e9ro de t\u00e9l\u00e9phone et messages textuels :<\/b><\/p><p>En communiquant votre num\u00e9ro de t\u00e9l\u00e9phone \u00e0 Catch The Fever LLC, vous acceptez de recevoir des SMS limit\u00e9s aux mises \u00e0 jour des commandes et aux mises \u00e0 jour concernant Catch The Fever LLC.<\/p>\t\t\t\t\t\t\t\t<\/div>\n\t\t\t\t<\/div>\n\t\t\t\t<div class=\"elementor-element elementor-element-4976c51 elementor-widget elementor-widget-text-editor\" data-id=\"4976c51\" data-element_type=\"widget\" data-widget_type=\"text-editor.default\">\n\t\t\t\t<div class=\"elementor-widget-container\">\n\t\t\t\t\t\t\t\t\t<p>Vous avez des questions ? Nous sommes toujours pr\u00eats \u00e0 vous aider et \u00e0 rendre notre politique de confidentialit\u00e9 accessible. Appelez-nous ou visitez notre page de contact.    <\/p>\t\t\t\t\t\t\t\t<\/div>\n\t\t\t\t<\/div>\n\t\t\t\t\t<\/div>\n\t\t<\/div>\n\t\t\t\t<div class=\"elementor-column elementor-col-50 elementor-top-column elementor-element elementor-element-5474d30\" data-id=\"5474d30\" data-element_type=\"column\">\n\t\t\t<div class=\"elementor-widget-wrap elementor-element-populated\">\n\t\t\t\t\t\t<div class=\"elementor-element elementor-element-2f30537 elementor-position-left elementor-vertical-align-top elementor-invisible elementor-widget elementor-widget-image-box\" data-id=\"2f30537\" data-element_type=\"widget\" data-settings=\"{&quot;_animation&quot;:&quot;fadeInRight&quot;,&quot;_animation_delay&quot;:400}\" data-widget_type=\"image-box.default\">\n\t\t\t\t<div class=\"elementor-widget-container\">\n\t\t\t\t\t<div class=\"elementor-image-box-wrapper\"><figure class=\"elementor-image-box-img\"><img decoding=\"async\" width=\"46\" height=\"46\" src=\"https:\/\/catchthefever-dev1.cospark.io\/wp-content\/uploads\/2021\/08\/Icon-2.png\" class=\"attachment-full size-full wp-image-49\" alt=\"\" title=\"Icon (2) - Catch the Fever Outdoors\" srcset=\"https:\/\/catchthefever-dev1.cospark.io\/wp-content\/uploads\/2021\/08\/Icon-2.png 46w, https:\/\/catchthefever-dev1.cospark.io\/wp-content\/uploads\/2021\/08\/Icon-2-1x1.webp 1w, https:\/\/catchthefever-dev1.cospark.io\/wp-content\/uploads\/2021\/08\/Icon-2-10x10.webp 10w\" sizes=\"(max-width: 46px) 100vw, 46px\" \/><\/figure><div class=\"elementor-image-box-content\"><h3 class=\"elementor-image-box-title\">Nous utilisons des cookies<\/h3><p class=\"elementor-image-box-description\">Nous utilisons des cookies, des adresses IP et d'autres scripts de suivi pour comprendre, suivre, commercialiser et exploiter notre activit\u00e9. Nous ne partageons pas vos donn\u00e9es.   <\/p><\/div><\/div>\t\t\t\t<\/div>\n\t\t\t\t<\/div>\n\t\t\t\t<div class=\"elementor-element elementor-element-f63d241 elementor-position-left elementor-vertical-align-top elementor-invisible elementor-widget elementor-widget-image-box\" data-id=\"f63d241\" data-element_type=\"widget\" data-settings=\"{&quot;_animation&quot;:&quot;fadeInRight&quot;,&quot;_animation_delay&quot;:600}\" data-widget_type=\"image-box.default\">\n\t\t\t\t<div class=\"elementor-widget-container\">\n\t\t\t\t\t<div class=\"elementor-image-box-wrapper\"><figure class=\"elementor-image-box-img\"><img decoding=\"async\" width=\"47\" height=\"47\" src=\"https:\/\/catchthefever-dev1.cospark.io\/wp-content\/uploads\/2021\/08\/Vector.webp\" class=\"attachment-full size-full wp-image-56\" alt=\"\" title=\"Vector - Catch the Fever Outdoors\" srcset=\"https:\/\/catchthefever-dev1.cospark.io\/wp-content\/uploads\/2021\/08\/Vector.webp 47w, https:\/\/catchthefever-dev1.cospark.io\/wp-content\/uploads\/2021\/08\/Vector-1x1.webp 1w, https:\/\/catchthefever-dev1.cospark.io\/wp-content\/uploads\/2021\/08\/Vector-10x10.webp 10w\" sizes=\"(max-width: 47px) 100vw, 47px\" \/><\/figure><div class=\"elementor-image-box-content\"><h3 class=\"elementor-image-box-title\">Nous utilisons la technologie publicitaire, l'intelligence artificielle et d'autres outils.<\/h3><p class=\"elementor-image-box-description\">Nous utilisons l'IA pour nous aider \u00e0 cro\u00eetre et \u00e0 traiter certaines donn\u00e9es acquises sur notre site ainsi que sur d'autres plateformes, ce qui nous permet de disposer de la puissance de feu n\u00e9cessaire en mati\u00e8re de ventes, d'op\u00e9rations et de marketing.<\/p><\/div><\/div>\t\t\t\t<\/div>\n\t\t\t\t<\/div>\n\t\t\t\t<div class=\"elementor-element elementor-element-07bca25 elementor-position-left elementor-vertical-align-top elementor-invisible elementor-widget elementor-widget-image-box\" data-id=\"07bca25\" data-element_type=\"widget\" data-settings=\"{&quot;_animation&quot;:&quot;fadeInRight&quot;,&quot;_animation_delay&quot;:600}\" data-widget_type=\"image-box.default\">\n\t\t\t\t<div class=\"elementor-widget-container\">\n\t\t\t\t\t<div class=\"elementor-image-box-wrapper\"><figure class=\"elementor-image-box-img\"><img decoding=\"async\" width=\"47\" height=\"47\" src=\"https:\/\/catchthefever-dev1.cospark.io\/wp-content\/uploads\/2021\/08\/Vector.webp\" class=\"attachment-full size-full wp-image-56\" alt=\"\" title=\"Vector - Catch the Fever Outdoors\" srcset=\"https:\/\/catchthefever-dev1.cospark.io\/wp-content\/uploads\/2021\/08\/Vector.webp 47w, https:\/\/catchthefever-dev1.cospark.io\/wp-content\/uploads\/2021\/08\/Vector-1x1.webp 1w, https:\/\/catchthefever-dev1.cospark.io\/wp-content\/uploads\/2021\/08\/Vector-10x10.webp 10w\" sizes=\"(max-width: 47px) 100vw, 47px\" \/><\/figure><div class=\"elementor-image-box-content\"><h3 class=\"elementor-image-box-title\">Conformit\u00e9 ADA et GDRP<\/h3><p class=\"elementor-image-box-description\">Nous savons qu'il est indispensable de rendre notre site web accessible \u00e0 tous. C'est parfois d\u00e9licat sur le plan technique et nous faisons tout notre possible pour utiliser les derniers plugins et\/ou services tiers nous permettant d'offrir des alternatives num\u00e9riques pour naviguer et passer des commandes sur notre site web. Nous vous invitons \u00e0 nous faire part de vos commentaires afin que nous puissions am\u00e9liorer notre compr\u00e9hension et mieux r\u00e9pondre aux besoins de chacun.  <\/p><\/div><\/div>\t\t\t\t<\/div>\n\t\t\t\t<\/div>\n\t\t\t\t\t<\/div>\n\t\t<\/div>\n\t\t\t\t\t<\/div>\n\t\t<\/section>\n\t\t\t\t<\/div>\n\t\t","protected":false},"excerpt":{"rendered":"<p>Catch The Fever vous r\u00e9compense pour votre fid\u00e9lit\u00e9, votre passion et vos comp\u00e9tences. D\u00e9couvrez comment d\u00e9bloquer jusqu&rsquo;\u00e0 25 000 $ de prix en p\u00eachant avec nos cannes \u00e0 p\u00eache et\/ou en portant nos v\u00eatements.   <\/p>\n","protected":false},"author":2,"featured_media":0,"parent":0,"menu_order":0,"comment_status":"closed","ping_status":"closed","template":"","meta":{"footnotes":""},"class_list":["post-74936","page","type-page","status-publish","hentry"],"aioseo_notices":[],"jetpack_sharing_enabled":true,"_links":{"self":[{"href":"https:\/\/catchthefever-dev1.cospark.io\/fr\/wp-json\/wp\/v2\/pages\/74936","targetHints":{"allow":["GET"]}}],"collection":[{"href":"https:\/\/catchthefever-dev1.cospark.io\/fr\/wp-json\/wp\/v2\/pages"}],"about":[{"href":"https:\/\/catchthefever-dev1.cospark.io\/fr\/wp-json\/wp\/v2\/types\/page"}],"author":[{"embeddable":true,"href":"https:\/\/catchthefever-dev1.cospark.io\/fr\/wp-json\/wp\/v2\/users\/2"}],"replies":[{"embeddable":true,"href":"https:\/\/catchthefever-dev1.cospark.io\/fr\/wp-json\/wp\/v2\/comments?post=74936"}],"version-history":[{"count":0,"href":"https:\/\/catchthefever-dev1.cospark.io\/fr\/wp-json\/wp\/v2\/pages\/74936\/revisions"}],"wp:attachment":[{"href":"https:\/\/catchthefever-dev1.cospark.io\/fr\/wp-json\/wp\/v2\/media?parent=74936"}],"curies":[{"name":"wp","href":"https:\/\/api.w.org\/{rel}","templated":true}]}}