{"id":75312,"date":"2024-08-20T21:30:21","date_gmt":"2024-08-21T02:30:21","guid":{"rendered":"https:\/\/catchthefever-dev1.cospark.io\/grosshandel\/"},"modified":"2025-09-17T12:29:36","modified_gmt":"2025-09-17T17:29:36","slug":"grosshandel","status":"publish","type":"page","link":"https:\/\/catchthefever-dev1.cospark.io\/de\/grosshandel\/","title":{"rendered":"Gro\u00dfhandel"},"content":{"rendered":"\t\t<div data-elementor-type=\"wp-page\" data-elementor-id=\"75312\" class=\"elementor elementor-75312 elementor-3029\" data-elementor-post-type=\"page\">\n\t\t\t\t\t\t<section class=\"elementor-section elementor-top-section elementor-element elementor-element-d13fbcd elementor-section-boxed elementor-section-height-default elementor-section-height-default elementor-invisible\" data-id=\"d13fbcd\" data-element_type=\"section\" data-settings=\"{&quot;background_background&quot;:&quot;classic&quot;,&quot;animation&quot;:&quot;fadeIn&quot;}\">\n\t\t\t\t\t\t<div class=\"elementor-container elementor-column-gap-no\">\n\t\t\t\t\t<div class=\"elementor-column elementor-col-100 elementor-top-column elementor-element elementor-element-691355f\" data-id=\"691355f\" data-element_type=\"column\">\n\t\t\t<div class=\"elementor-widget-wrap elementor-element-populated\">\n\t\t\t\t\t\t<div class=\"elementor-element elementor-element-5ecd315 elementor-widget elementor-widget-spacer\" data-id=\"5ecd315\" data-element_type=\"widget\" data-widget_type=\"spacer.default\">\n\t\t\t\t<div class=\"elementor-widget-container\">\n\t\t\t\t\t\t\t<div class=\"elementor-spacer\">\n\t\t\t<div class=\"elementor-spacer-inner\"><\/div>\n\t\t<\/div>\n\t\t\t\t\t\t<\/div>\n\t\t\t\t<\/div>\n\t\t\t\t\t<\/div>\n\t\t<\/div>\n\t\t\t\t\t<\/div>\n\t\t<\/section>\n\t\t\t\t<section class=\"elementor-section elementor-top-section elementor-element elementor-element-481a78a elementor-section-boxed elementor-section-height-default elementor-section-height-default elementor-invisible\" data-id=\"481a78a\" data-element_type=\"section\" data-settings=\"{&quot;animation&quot;:&quot;fadeIn&quot;}\">\n\t\t\t\t\t\t<div class=\"elementor-container elementor-column-gap-no\">\n\t\t\t\t\t<div class=\"elementor-column elementor-col-50 elementor-top-column elementor-element elementor-element-2a00ff8 elementor-invisible\" data-id=\"2a00ff8\" data-element_type=\"column\" data-settings=\"{&quot;animation&quot;:&quot;fadeInLeft&quot;}\">\n\t\t\t<div class=\"elementor-widget-wrap elementor-element-populated\">\n\t\t\t\t\t\t<div class=\"elementor-element elementor-element-a8dd187 elementor-widget elementor-widget-heading\" data-id=\"a8dd187\" data-element_type=\"widget\" data-widget_type=\"heading.default\">\n\t\t\t\t<div class=\"elementor-widget-container\">\n\t\t\t\t\t<h2 class=\"elementor-heading-title elementor-size-default\">M\u00f6chten Sie unser Produktsortiment f\u00fchren?<\/h2>\t\t\t\t<\/div>\n\t\t\t\t<\/div>\n\t\t\t\t<div class=\"elementor-element elementor-element-ed2382c elementor-widget elementor-widget-text-editor\" data-id=\"ed2382c\" data-element_type=\"widget\" data-widget_type=\"text-editor.default\">\n\t\t\t\t<div class=\"elementor-widget-container\">\n\t\t\t\t\t\t\t\t\t<p>Als eines der am schnellsten wachsenden Outdoor-Unternehmen des Landes bietet Ihnen Catch the Fever die M\u00f6glichkeit, authentische Produkte zu f\u00fchren, die nicht nur national hohes Ansehen genie\u00dfen, sondern auch eine starke internationale Pr\u00e4senz haben. Unsere Marke vermittelt Glaubw\u00fcrdigkeit und generiert Kundenverkehr f\u00fcr Ihr Gesch\u00e4ft, was Ihnen hilft, mehr Kunden anzuziehen, die Qualit\u00e4t und Leistung sch\u00e4tzen. <\/p><p>Wir verstehen das Gro\u00dfhandels- und Einzelhandelsgesch\u00e4ftsmodell zutiefst, und unsere Richtlinien sind darauf ausgerichtet, unsere Partner vollumf\u00e4nglich zu unterst\u00fctzen. Wenn Sie mit uns zusammenarbeiten, sind Sie nicht nur ein Kunde, sondern ein gesch\u00e4tzter Partner. Wir verpflichten uns, Ihnen dasselbe Ma\u00df an Service und Respekt zukommen zu lassen wie jedem anderen Teil unseres Unternehmens, ohne jemals Ihre Bed\u00fcrfnisse zu vernachl\u00e4ssigen oder Sie als zweitklassigen Kunden zu behandeln.  <\/p>\t\t\t\t\t\t\t\t<\/div>\n\t\t\t\t<\/div>\n\t\t\t\t<div class=\"elementor-element elementor-element-4976c51 elementor-widget elementor-widget-text-editor\" data-id=\"4976c51\" data-element_type=\"widget\" data-widget_type=\"text-editor.default\">\n\t\t\t\t<div class=\"elementor-widget-container\">\n\t\t\t\t\t\t\t\t\t<p>Fragen? Wir stehen Ihnen stets zur Verf\u00fcgung, um zu helfen und unsere Programme zug\u00e4nglich zu machen. Rufen Sie uns an oder besuchen Sie unsere Kontaktseite.   <\/p>\t\t\t\t\t\t\t\t<\/div>\n\t\t\t\t<\/div>\n\t\t\t\t\t<\/div>\n\t\t<\/div>\n\t\t\t\t<div class=\"elementor-column elementor-col-50 elementor-top-column elementor-element elementor-element-5474d30\" data-id=\"5474d30\" data-element_type=\"column\">\n\t\t\t<div class=\"elementor-widget-wrap elementor-element-populated\">\n\t\t\t\t\t\t<div class=\"elementor-element elementor-element-2f30537 elementor-position-left elementor-vertical-align-top elementor-invisible elementor-widget elementor-widget-image-box\" data-id=\"2f30537\" data-element_type=\"widget\" data-settings=\"{&quot;_animation&quot;:&quot;fadeInRight&quot;,&quot;_animation_delay&quot;:400}\" data-widget_type=\"image-box.default\">\n\t\t\t\t<div class=\"elementor-widget-container\">\n\t\t\t\t\t<div class=\"elementor-image-box-wrapper\"><figure class=\"elementor-image-box-img\"><img decoding=\"async\" width=\"46\" height=\"46\" src=\"https:\/\/catchthefever-dev1.cospark.io\/wp-content\/uploads\/2021\/08\/Icon-2.png\" class=\"attachment-full size-full wp-image-49\" alt=\"\" title=\"Icon (2) - Catch the Fever Outdoors\" srcset=\"https:\/\/catchthefever-dev1.cospark.io\/wp-content\/uploads\/2021\/08\/Icon-2.png 46w, https:\/\/catchthefever-dev1.cospark.io\/wp-content\/uploads\/2021\/08\/Icon-2-1x1.webp 1w, https:\/\/catchthefever-dev1.cospark.io\/wp-content\/uploads\/2021\/08\/Icon-2-10x10.webp 10w\" sizes=\"(max-width: 46px) 100vw, 46px\" \/><\/figure><div class=\"elementor-image-box-content\"><h3 class=\"elementor-image-box-title\">Schnelle und einfache Bewerbung<\/h3><p class=\"elementor-image-box-description\">Schlie\u00dfen Sie Ihre Bewerbung in weniger als 2 Minuten ab<\/p><\/div><\/div>\t\t\t\t<\/div>\n\t\t\t\t<\/div>\n\t\t\t\t<div class=\"elementor-element elementor-element-f63d241 elementor-position-left elementor-vertical-align-top elementor-invisible elementor-widget elementor-widget-image-box\" data-id=\"f63d241\" data-element_type=\"widget\" data-settings=\"{&quot;_animation&quot;:&quot;fadeInRight&quot;,&quot;_animation_delay&quot;:600}\" data-widget_type=\"image-box.default\">\n\t\t\t\t<div class=\"elementor-widget-container\">\n\t\t\t\t\t<div class=\"elementor-image-box-wrapper\"><figure class=\"elementor-image-box-img\"><img decoding=\"async\" width=\"47\" height=\"47\" src=\"https:\/\/catchthefever-dev1.cospark.io\/wp-content\/uploads\/2021\/08\/Vector.webp\" class=\"attachment-full size-full wp-image-56\" alt=\"\" title=\"Vector - Catch the Fever Outdoors\" srcset=\"https:\/\/catchthefever-dev1.cospark.io\/wp-content\/uploads\/2021\/08\/Vector.webp 47w, https:\/\/catchthefever-dev1.cospark.io\/wp-content\/uploads\/2021\/08\/Vector-1x1.webp 1w, https:\/\/catchthefever-dev1.cospark.io\/wp-content\/uploads\/2021\/08\/Vector-10x10.webp 10w\" sizes=\"(max-width: 47px) 100vw, 47px\" \/><\/figure><div class=\"elementor-image-box-content\"><h3 class=\"elementor-image-box-title\">Globale Reichweite<\/h3><p class=\"elementor-image-box-description\">Wir akzeptieren sowohl US-amerikanische als auch internationale Bewerbungen.<\/p><\/div><\/div>\t\t\t\t<\/div>\n\t\t\t\t<\/div>\n\t\t\t\t<div class=\"elementor-element elementor-element-07bca25 elementor-position-left elementor-vertical-align-top elementor-invisible elementor-widget elementor-widget-image-box\" data-id=\"07bca25\" data-element_type=\"widget\" data-settings=\"{&quot;_animation&quot;:&quot;fadeInRight&quot;,&quot;_animation_delay&quot;:600}\" data-widget_type=\"image-box.default\">\n\t\t\t\t<div class=\"elementor-widget-container\">\n\t\t\t\t\t<div class=\"elementor-image-box-wrapper\"><figure class=\"elementor-image-box-img\"><img decoding=\"async\" width=\"47\" height=\"47\" src=\"https:\/\/catchthefever-dev1.cospark.io\/wp-content\/uploads\/2021\/08\/Vector.webp\" class=\"attachment-full size-full wp-image-56\" alt=\"\" title=\"Vector - Catch the Fever Outdoors\" srcset=\"https:\/\/catchthefever-dev1.cospark.io\/wp-content\/uploads\/2021\/08\/Vector.webp 47w, https:\/\/catchthefever-dev1.cospark.io\/wp-content\/uploads\/2021\/08\/Vector-1x1.webp 1w, https:\/\/catchthefever-dev1.cospark.io\/wp-content\/uploads\/2021\/08\/Vector-10x10.webp 10w\" sizes=\"(max-width: 47px) 100vw, 47px\" \/><\/figure><div class=\"elementor-image-box-content\"><h3 class=\"elementor-image-box-title\">Gro\u00dfhandelskontakt<\/h3><p class=\"elementor-image-box-description\">Kontaktieren Sie Shane Walser <br>Chief Sales Officer<br><br>\nwholesale@catchthefever.com<br>Telefon (743)244-5568\n<\/p><\/div><\/div>\t\t\t\t<\/div>\n\t\t\t\t<\/div>\n\t\t\t\t\t<\/div>\n\t\t<\/div>\n\t\t\t\t\t<\/div>\n\t\t<\/section>\n\t\t<div class=\"elementor-element elementor-element-be5c5ef e-flex e-con-boxed e-con e-parent\" data-id=\"be5c5ef\" data-element_type=\"container\">\n\t\t\t\t\t<div class=\"e-con-inner\">\n\t\t\t\t<div class=\"elementor-element elementor-element-15a45bb elementor-widget elementor-widget-html\" data-id=\"15a45bb\" data-element_type=\"widget\" data-widget_type=\"html.default\">\n\t\t\t\t<div class=\"elementor-widget-container\">\n\t\t\t\t\t<div data-tf-live=\"01JBCBPKQVBGG6WQC01KKJDKAC\"><\/div><script src=\"\/\/embed.typeform.com\/next\/embed.js\"><\/script>\t\t\t\t<\/div>\n\t\t\t\t<\/div>\n\t\t\t\t\t<\/div>\n\t\t\t\t<\/div>\n\t\t\t\t<\/div>\n\t\t","protected":false},"excerpt":{"rendered":"<p>Catch The Fever belohnt Sie f\u00fcr Ihre Loyalit\u00e4t, Ihre Leidenschaft und Ihre Fertigkeiten. Entdecken Sie, wie Sie bis zu 25.000 $ Preisgeld freischalten k\u00f6nnen, indem Sie mit unseren Angelruten fischen und\/oder unsere Bekleidung tragen.  <\/p>\n","protected":false},"author":2,"featured_media":0,"parent":0,"menu_order":0,"comment_status":"closed","ping_status":"closed","template":"","meta":{"footnotes":""},"class_list":["post-75312","page","type-page","status-publish","hentry"],"aioseo_notices":[],"jetpack_sharing_enabled":true,"_links":{"self":[{"href":"https:\/\/catchthefever-dev1.cospark.io\/de\/wp-json\/wp\/v2\/pages\/75312","targetHints":{"allow":["GET"]}}],"collection":[{"href":"https:\/\/catchthefever-dev1.cospark.io\/de\/wp-json\/wp\/v2\/pages"}],"about":[{"href":"https:\/\/catchthefever-dev1.cospark.io\/de\/wp-json\/wp\/v2\/types\/page"}],"author":[{"embeddable":true,"href":"https:\/\/catchthefever-dev1.cospark.io\/de\/wp-json\/wp\/v2\/users\/2"}],"replies":[{"embeddable":true,"href":"https:\/\/catchthefever-dev1.cospark.io\/de\/wp-json\/wp\/v2\/comments?post=75312"}],"version-history":[{"count":0,"href":"https:\/\/catchthefever-dev1.cospark.io\/de\/wp-json\/wp\/v2\/pages\/75312\/revisions"}],"wp:attachment":[{"href":"https:\/\/catchthefever-dev1.cospark.io\/de\/wp-json\/wp\/v2\/media?parent=75312"}],"curies":[{"name":"wp","href":"https:\/\/api.w.org\/{rel}","templated":true}]}}